{"id":218,"date":"2018-11-15T13:22:38","date_gmt":"2018-11-15T13:22:38","guid":{"rendered":"http:\/\/sim-malle.at\/wordpress\/?page_id=218"},"modified":"2018-12-07T12:02:58","modified_gmt":"2018-12-07T12:02:58","slug":"ueber-uns","status":"publish","type":"page","link":"http:\/\/sim-malle.at\/wordpress\/?page_id=218","title":{"rendered":"\u00dcber uns"},"content":{"rendered":"<table style=\"border-collapse: collapse; width: 100%;\" border=\"1\">\n<tbody>\n<tr style=\"height: 24px;\">\n<td style=\"width: 3.1037%; height: 24px; border-style: hidden;\"><\/td>\n<td style=\"height: 24px; border-style: hidden;\" colspan=\"3\">Service Installation Malle ist ein 2011 gegr\u00fcndeter famili\u00e4rer Betrieb, der modernste Technik mit Kundenbetreuung auf h\u00f6chstem Niveau vereint.Wir legen gro\u00dfen Wert auf die Zufriedenheit unserer Kunden.<br \/>\nUnsere Mitarbeiter haben jahrelange Erfahrung in ihrem Berufsfeld und verstehen ihr Handwerk. Dadurch k\u00f6nnen sie Sie mit Gewissheit und Voraussicht beraten.Seit einigen Jahren sind wir nun auch zertifizierte W\u00e4rmepumpeninstallateure. Au\u00dferdem bilden wir in unserem Betrieb Lehrlinge aus.<\/td>\n<td style=\"width: 2.45105%; height: 24px; border-style: hidden;\"><\/td>\n<\/tr>\n<tr style=\"height: 24px;\">\n<td style=\"width: 3.1037%; height: 24px; border-style: hidden;\"><\/td>\n<td style=\"height: 24px; border-style: hidden;\" colspan=\"3\">\u00a0<img loading=\"lazy\" class=\"aligncenter wp-image-82\" src=\"http:\/\/sim-malle.at\/wordpress\/wp-content\/uploads\/2018\/11\/vkmai2013-300x264.jpg\" alt=\"\" width=\"500\" height=\"439\" srcset=\"http:\/\/sim-malle.at\/wordpress\/wp-content\/uploads\/2018\/11\/vkmai2013-300x264.jpg 300w, http:\/\/sim-malle.at\/wordpress\/wp-content\/uploads\/2018\/11\/vkmai2013.jpg 535w\" sizes=\"(max-width: 500px) 100vw, 500px\" \/><\/td>\n<td style=\"width: 2.45105%; height: 24px; border-style: hidden;\"><\/td>\n<\/tr>\n<tr style=\"height: 24px;\">\n<td style=\"width: 3.1037%; height: 24px; border-style: hidden;\"><\/td>\n<td style=\"height: 24px; border-style: hidden;\" colspan=\"3\"><\/td>\n<td style=\"width: 2.45105%; height: 24px; border-style: hidden;\"><\/td>\n<\/tr>\n<tr style=\"height: 24px;\">\n<td style=\"width: 3.1037%; height: 24px; border-style: hidden;\"><\/td>\n<td style=\"width: 74.3147%; height: 24px; border-style: hidden;\" colspan=\"3\"><img loading=\"lazy\" class=\"wp-image-81 aligncenter\" src=\"http:\/\/sim-malle.at\/wordpress\/wp-content\/uploads\/2018\/11\/vkapril2013-210x300.jpg\" alt=\"\" width=\"500\" height=\"714\" srcset=\"http:\/\/sim-malle.at\/wordpress\/wp-content\/uploads\/2018\/11\/vkapril2013-210x300.jpg 210w, http:\/\/sim-malle.at\/wordpress\/wp-content\/uploads\/2018\/11\/vkapril2013-717x1024.jpg 717w, http:\/\/sim-malle.at\/wordpress\/wp-content\/uploads\/2018\/11\/vkapril2013.jpg 750w\" sizes=\"(max-width: 500px) 100vw, 500px\" \/><\/td>\n<td style=\"width: 2.45105%; height: 24px; border-style: hidden;\"><\/td>\n<\/tr>\n<\/tbody>\n<\/table>\n<p>&nbsp;<\/p>\n","protected":false},"excerpt":{"rendered":"<p>Service Installation Malle ist ein 2011 gegr\u00fcndeter famili\u00e4rer Betrieb, der modernste Technik mit Kundenbetreuung auf h\u00f6chstem Niveau vereint.Wir legen gro\u00dfen Wert auf die Zufriedenheit unserer Kunden. Unsere Mitarbeiter haben jahrelange Erfahrung in ihrem Berufsfeld und verstehen ihr Handwerk. Dadurch k\u00f6nnen sie Sie mit Gewissheit und Voraussicht beraten.Seit einigen Jahren sind wir nun auch zertifizierte W\u00e4rmepumpeninstallateure. [&hellip;]<\/p>\n","protected":false},"author":1,"featured_media":0,"parent":0,"menu_order":0,"comment_status":"closed","ping_status":"closed","template":"","meta":[],"_links":{"self":[{"href":"http:\/\/sim-malle.at\/wordpress\/index.php?rest_route=\/wp\/v2\/pages\/218"}],"collection":[{"href":"http:\/\/sim-malle.at\/wordpress\/index.php?rest_route=\/wp\/v2\/pages"}],"about":[{"href":"http:\/\/sim-malle.at\/wordpress\/index.php?rest_route=\/wp\/v2\/types\/page"}],"author":[{"embeddable":true,"href":"http:\/\/sim-malle.at\/wordpress\/index.php?rest_route=\/wp\/v2\/users\/1"}],"replies":[{"embeddable":true,"href":"http:\/\/sim-malle.at\/wordpress\/index.php?rest_route=%2Fwp%2Fv2%2Fcomments&post=218"}],"version-history":[{"count":12,"href":"http:\/\/sim-malle.at\/wordpress\/index.php?rest_route=\/wp\/v2\/pages\/218\/revisions"}],"predecessor-version":[{"id":401,"href":"http:\/\/sim-malle.at\/wordpress\/index.php?rest_route=\/wp\/v2\/pages\/218\/revisions\/401"}],"wp:attachment":[{"href":"http:\/\/sim-malle.at\/wordpress\/index.php?rest_route=%2Fwp%2Fv2%2Fmedia&parent=218"}],"curies":[{"name":"wp","href":"https:\/\/api.w.org\/{rel}","templated":true}]}}