{"id":5,"date":"2018-11-12T12:36:45","date_gmt":"2018-11-12T12:36:45","guid":{"rendered":"http:\/\/sim-malle.at\/wordpress\/?page_id=5"},"modified":"2021-10-05T19:08:58","modified_gmt":"2021-10-05T19:08:58","slug":"home","status":"publish","type":"page","link":"http:\/\/sim-malle.at\/wordpress\/","title":{"rendered":"Home"},"content":{"rendered":"\n<p> <h2 style=\"text-align: center;\">Ihr verl\u00e4sslicher Partner f\u00fcr alle Installationsarbeiten ganz in Ihrer N\u00e4he!<\/h2><\/p>\n\n\n\n<div class=\"wp-block-image\"><figure class=\"aligncenter size-large\"><img loading=\"lazy\" width=\"1024\" height=\"682\" src=\"http:\/\/sim-malle.at\/wordpress\/wp-content\/uploads\/2018\/11\/k-IMG_2703-1-1024x682.jpg\" alt=\"\" class=\"wp-image-169\"\/><\/figure><\/div>\n","protected":false},"excerpt":{"rendered":"<p>Ihr verl\u00e4sslicher Partner f\u00fcr alle Installationsarbeiten ganz in Ihrer N\u00e4he!<\/p>\n","protected":false},"author":1,"featured_media":0,"parent":0,"menu_order":1,"comment_status":"closed","ping_status":"closed","template":"","meta":[],"_links":{"self":[{"href":"http:\/\/sim-malle.at\/wordpress\/index.php?rest_route=\/wp\/v2\/pages\/5"}],"collection":[{"href":"http:\/\/sim-malle.at\/wordpress\/index.php?rest_route=\/wp\/v2\/pages"}],"about":[{"href":"http:\/\/sim-malle.at\/wordpress\/index.php?rest_route=\/wp\/v2\/types\/page"}],"author":[{"embeddable":true,"href":"http:\/\/sim-malle.at\/wordpress\/index.php?rest_route=\/wp\/v2\/users\/1"}],"replies":[{"embeddable":true,"href":"http:\/\/sim-malle.at\/wordpress\/index.php?rest_route=%2Fwp%2Fv2%2Fcomments&post=5"}],"version-history":[{"count":23,"href":"http:\/\/sim-malle.at\/wordpress\/index.php?rest_route=\/wp\/v2\/pages\/5\/revisions"}],"predecessor-version":[{"id":408,"href":"http:\/\/sim-malle.at\/wordpress\/index.php?rest_route=\/wp\/v2\/pages\/5\/revisions\/408"}],"wp:attachment":[{"href":"http:\/\/sim-malle.at\/wordpress\/index.php?rest_route=%2Fwp%2Fv2%2Fmedia&parent=5"}],"curies":[{"name":"wp","href":"https:\/\/api.w.org\/{rel}","templated":true}]}}