{"id":51,"date":"2018-11-13T10:58:15","date_gmt":"2018-11-13T10:58:15","guid":{"rendered":"http:\/\/sim-malle.at\/wordpress\/?page_id=51"},"modified":"2021-10-14T15:05:27","modified_gmt":"2021-10-14T15:05:27","slug":"impressum","status":"publish","type":"page","link":"http:\/\/sim-malle.at\/wordpress\/?page_id=51","title":{"rendered":"Impressum"},"content":{"rendered":"<table style=\"border-collapse: collapse; width: 100%;\" border=\"1\">\n<tbody>\n<tr style=\"height: 100px;\">\n<td style=\"width: 4%; border-style: hidden; height: 101px;\"><\/td>\n<td style=\"width: 91.2362%; border-style: hidden; height: 101px;\"><img loading=\"lazy\" class=\"size-medium wp-image-34 aligncenter\" src=\"http:\/\/sim-malle.at\/wordpress\/wp-content\/uploads\/2018\/11\/SIM_Logo_NEU-300x94.png\" alt=\"\" width=\"300\" height=\"94\" srcset=\"http:\/\/sim-malle.at\/wordpress\/wp-content\/uploads\/2018\/11\/SIM_Logo_NEU-300x94.png 300w, http:\/\/sim-malle.at\/wordpress\/wp-content\/uploads\/2018\/11\/SIM_Logo_NEU.png 616w\" sizes=\"(max-width: 300px) 100vw, 300px\" \/><\/td>\n<td style=\"width: 4.8873%; border-style: hidden; height: 101px;\"><\/td>\n<\/tr>\n<tr style=\"height: 152px;\">\n<td style=\"width: 4%; border-style: hidden; height: 152px;\"><\/td>\n<td style=\"width: 91.2362%; border-style: hidden; height: 152px;\">\n<div style=\"text-align: center;\">SIM Service &#8211; Installation Malle KG<br \/>\nKomanditgesellschaft<br \/>\nGesch\u00e4ftsf\u00fchrer: Gerhard Malle<\/div>\n<div>\n<p style=\"text-align: center;\" align=\"center\">Installateur<br \/>\nSitz: Gablernerstra\u00dfe 56<br \/>\n9141 Eberndorf<br \/>\nTel:+43 (0) 42 36 \/ 55 2 59<br \/>\nFax: +43 (0) 42 36 \/ 20 3 26<br \/>\nE-Mail: office@sim-malle.at<\/p>\n<p align=\"center\">UID-Nr: ATU66225417<br \/>\nFN: 358748 x<br \/>\nFB-Gericht: Landesgericht Klagenfurt<br \/>\nMitglied der WKK<br \/>\nGewerbeordnung: www.ris.bka.gv.at<br \/>\nBezirkshauptmannschaft V\u00f6lkermarkt<\/p>\n<p align=\"center\">Verbraucher haben die M\u00f6glichkeit, Beschwerden an die Online-Streitbeilegungsplattform der EU zu richten: http:\/\/ec.europa.eu\/odr.<br \/>\nSie k\u00f6nnen allf\u00e4llige Beschwerde auch an die oben angegebene E-Mail-Adresse richten.<\/p>\n<\/div>\n<div><\/div>\n<div><\/div>\n<div><\/div>\n<div><\/div>\n<div><\/div>\n<\/td>\n<td style=\"width: 4%; border-style: hidden; height: 152px;\"><\/td>\n<\/tr>\n<\/tbody>\n<\/table>\n<p><\/p>\n","protected":false},"excerpt":{"rendered":"<p>SIM Service &#8211; Installation Malle KG Komanditgesellschaft Gesch\u00e4ftsf\u00fchrer: Gerhard Malle Installateur Sitz: Gablernerstra\u00dfe 56 9141 Eberndorf Tel:+43 (0) 42 36 \/ 55 2 59 Fax: +43 (0) 42 36 \/ 20 3 26 E-Mail: office@sim-malle.at UID-Nr: ATU66225417 FN: 358748 x FB-Gericht: Landesgericht Klagenfurt Mitglied der WKK Gewerbeordnung: www.ris.bka.gv.at Bezirkshauptmannschaft V\u00f6lkermarkt Verbraucher haben die M\u00f6glichkeit, Beschwerden [&hellip;]<\/p>\n","protected":false},"author":1,"featured_media":0,"parent":0,"menu_order":0,"comment_status":"closed","ping_status":"closed","template":"","meta":[],"_links":{"self":[{"href":"http:\/\/sim-malle.at\/wordpress\/index.php?rest_route=\/wp\/v2\/pages\/51"}],"collection":[{"href":"http:\/\/sim-malle.at\/wordpress\/index.php?rest_route=\/wp\/v2\/pages"}],"about":[{"href":"http:\/\/sim-malle.at\/wordpress\/index.php?rest_route=\/wp\/v2\/types\/page"}],"author":[{"embeddable":true,"href":"http:\/\/sim-malle.at\/wordpress\/index.php?rest_route=\/wp\/v2\/users\/1"}],"replies":[{"embeddable":true,"href":"http:\/\/sim-malle.at\/wordpress\/index.php?rest_route=%2Fwp%2Fv2%2Fcomments&post=51"}],"version-history":[{"count":6,"href":"http:\/\/sim-malle.at\/wordpress\/index.php?rest_route=\/wp\/v2\/pages\/51\/revisions"}],"predecessor-version":[{"id":416,"href":"http:\/\/sim-malle.at\/wordpress\/index.php?rest_route=\/wp\/v2\/pages\/51\/revisions\/416"}],"wp:attachment":[{"href":"http:\/\/sim-malle.at\/wordpress\/index.php?rest_route=%2Fwp%2Fv2%2Fmedia&parent=51"}],"curies":[{"name":"wp","href":"https:\/\/api.w.org\/{rel}","templated":true}]}}