{"id":9,"date":"2018-11-12T12:38:25","date_gmt":"2018-11-12T12:38:25","guid":{"rendered":"http:\/\/sim-malle.at\/wordpress\/?page_id=9"},"modified":"2021-10-06T05:57:10","modified_gmt":"2021-10-06T05:57:10","slug":"heizungsanlagen","status":"publish","type":"page","link":"http:\/\/sim-malle.at\/wordpress\/?page_id=9","title":{"rendered":"Heizungsanlagen"},"content":{"rendered":"<table style=\"border-collapse: collapse; width: 100%;\" border=\"1\">\n<tbody>\n<tr style=\"height: 75px;\">\n<td style=\"width: 4.26395%; height: 10px; border-style: hidden;\"><\/td>\n<td style=\"width: 91.8347%; height: 10px; border-style: hidden;\" colspan=\"3\">\n<h4><a href=\"https:\/\/www.waermepumpe-austria.at\/\" target=\"_blank\" rel=\"noopener\"><img loading=\"lazy\" class=\"aligncenter wp-image-241\" src=\"http:\/\/sim-malle.at\/wordpress\/wp-content\/uploads\/2018\/11\/WPA_Installationspartner-278x300.jpg\" alt=\"\" width=\"233\" height=\"251\" srcset=\"http:\/\/sim-malle.at\/wordpress\/wp-content\/uploads\/2018\/11\/WPA_Installationspartner-278x300.jpg 278w, http:\/\/sim-malle.at\/wordpress\/wp-content\/uploads\/2018\/11\/WPA_Installationspartner.jpg 500w\" sizes=\"(max-width: 233px) 100vw, 233px\" \/><\/a><\/h4>\n<h4><\/h4>\n<h4>Von der Beratung \u00fcber die Planung bis hin zur Installation; wir sind stets f\u00fcr Sie bereit, Ihre neue Heizungsanlage in Betrieb zu nehmen. Bei f\u00f6rderungsw\u00fcrdigen Anlagen \u00fcbernehmen wir auch die Abwicklung des F\u00f6rderansuchens.<\/h4>\n<h4><\/h4>\n<h4><\/h4>\n<\/td>\n<td style=\"width: 3.90138%; height: 10px; border-style: hidden;\"><\/td>\n<\/tr>\n<tr>\n<td style=\"width: 4.26395%; border-style: hidden;\"><\/td>\n<td style=\"width: 66.483%; border-style: hidden;\"><\/td>\n<td style=\"width: 2.66856%; border-style: hidden;\"><\/td>\n<td style=\"width: 22.6831%; border-style: hidden;\"><\/td>\n<td style=\"width: 3.90138%; border-style: hidden;\"><\/td>\n<\/tr>\n<tr style=\"height: 75px;\">\n<td style=\"width: 4.26395%; height: 75px; border-style: hidden;\"><\/td>\n<td style=\"width: 66.483%; height: 75px; border-style: hidden;\">\n<h2>Hackschnitzel<\/h2>\n<h4>Hackschnitzelheizungen nutzen als Brennstoff <strong>100% Holz<\/strong>. Das Heizmaterial setzt sich aus Waldresten, Schwachholz und anderem minderwertigen Holz zusammen, das nicht mehr weiterverarbeitet werden kann. Diese Art der Heizung wird meist von Landwirten mit Eigenwald, Nahw\u00e4rmenetzen und Gewerbebetrieben verwendet. Hackschnitzel sind ein heimischer Brennstoff, unabh\u00e4ngig von \u00d6l und Gas, und daher auch krisensicher.<\/h4>\n<\/td>\n<td style=\"width: 2.66856%; height: 75px; border-style: hidden;\"><\/td>\n<td style=\"width: 22.6831%; height: 75px; border-style: hidden;\">\n<h4><img loading=\"lazy\" class=\"aligncenter wp-image-341\" src=\"http:\/\/sim-malle.at\/wordpress\/wp-content\/uploads\/2018\/12\/T4_7Zoll_Touchdisplay_Stoker_rechts_web-274x300.jpg\" alt=\"\" width=\"164\" height=\"180\" srcset=\"http:\/\/sim-malle.at\/wordpress\/wp-content\/uploads\/2018\/12\/T4_7Zoll_Touchdisplay_Stoker_rechts_web-274x300.jpg 274w, http:\/\/sim-malle.at\/wordpress\/wp-content\/uploads\/2018\/12\/T4_7Zoll_Touchdisplay_Stoker_rechts_web-768x841.jpg 768w, http:\/\/sim-malle.at\/wordpress\/wp-content\/uploads\/2018\/12\/T4_7Zoll_Touchdisplay_Stoker_rechts_web.jpg 886w\" sizes=\"(max-width: 164px) 100vw, 164px\" \/><\/h4>\n<\/td>\n<td style=\"width: 3.90138%; border-style: hidden; height: 75px;\"><\/td>\n<\/tr>\n<tr>\n<td style=\"width: 4.26395%; border-style: hidden;\"><\/td>\n<td style=\"width: 66.483%; border-style: hidden;\"><\/td>\n<td style=\"width: 2.66856%; border-style: hidden;\"><\/td>\n<td style=\"width: 22.6831%; border-style: hidden;\"><\/td>\n<td style=\"width: 3.90138%; border-style: hidden;\"><\/td>\n<\/tr>\n<tr style=\"height: 75px;\">\n<td style=\"width: 4.26395%; height: 75px; border-style: hidden;\"><\/td>\n<td style=\"width: 66.483%; height: 75px; border-style: hidden;\">\n<h2>Pellets-Anlagen<\/h2>\n<h4>Eine Pelletsheizung ist ein vollautomatisches Heizsystem, welches \u00e4hnlich wie eine \u00d6l- oder Gasheizung funktioniert. Das hei\u00dft, dass der Brennstoff automatisch von einem Lagerraum zum Kessel bef\u00f6rdert wird. Pellets werden aus Holzabf\u00e4llen produziert, wodurch die Nachhaltigkeit gew\u00e4hrleistet und die Umwelt geschont wird. Noch dazu sind Pellets CO2-neutral und kosteng\u00fcnstig, weshalb sie auch in Einfamilienh\u00e4usern h\u00e4ufig Gebrauch finden.<\/h4>\n<\/td>\n<td style=\"width: 2.66856%; height: 75px; border-style: hidden;\"><\/td>\n<td style=\"width: 22.6831%; height: 75px; border-style: hidden;\">\n<h4><img loading=\"lazy\" class=\"aligncenter wp-image-338\" src=\"http:\/\/sim-malle.at\/wordpress\/wp-content\/uploads\/2018\/12\/PE1Pellet_7Zoll_web-169x300.jpg\" alt=\"\" width=\"101\" height=\"180\" srcset=\"http:\/\/sim-malle.at\/wordpress\/wp-content\/uploads\/2018\/12\/PE1Pellet_7Zoll_web-169x300.jpg 169w, http:\/\/sim-malle.at\/wordpress\/wp-content\/uploads\/2018\/12\/PE1Pellet_7Zoll_web-768x1367.jpg 768w, http:\/\/sim-malle.at\/wordpress\/wp-content\/uploads\/2018\/12\/PE1Pellet_7Zoll_web-575x1024.jpg 575w, http:\/\/sim-malle.at\/wordpress\/wp-content\/uploads\/2018\/12\/PE1Pellet_7Zoll_web.jpg 886w\" sizes=\"(max-width: 101px) 100vw, 101px\" \/><\/h4>\n<\/td>\n<td style=\"width: 3.90138%; border-style: hidden; height: 75px;\"><\/td>\n<\/tr>\n<tr>\n<td style=\"width: 4.26395%; border-style: hidden;\"><\/td>\n<td style=\"width: 66.483%; border-style: hidden;\"><\/td>\n<td style=\"width: 2.66856%; border-style: hidden;\"><\/td>\n<td style=\"width: 22.6831%; border-style: hidden;\"><\/td>\n<td style=\"width: 3.90138%; border-style: hidden;\"><\/td>\n<\/tr>\n<tr style=\"height: 75px;\">\n<td style=\"width: 4.26395%; height: 75px; border-style: hidden;\"><\/td>\n<td style=\"width: 66.483%; height: 75px; border-style: hidden;\">\n<h2>Holzvergaser<\/h2>\n<h4>Holzvergaser werden durch ihre lange Lebens- und Brenndauer ausgezeichnet. Sie lassen sich leicht anheizen und bequem bef\u00fcllen. Beim Nachlegen kommt es auch zu kaum bis keinem Rauchaustritt. Holzvergaser produzieren weniger Emissionen und lassen sich auf Grund der vollst\u00e4ndigen Verbrennung des Holzes und des komfortablen\u00a0 Designs leicht reinigen.<\/h4>\n<\/td>\n<td style=\"width: 2.66856%; height: 75px; border-style: hidden;\"><\/td>\n<td style=\"width: 22.6831%; height: 75px; border-style: hidden;\">\n<h4><img loading=\"lazy\" class=\"aligncenter wp-image-339\" src=\"http:\/\/sim-malle.at\/wordpress\/wp-content\/uploads\/2018\/12\/S4Turbo_15_7Zoll_web-130x300.jpg\" alt=\"\" width=\"78\" height=\"180\" srcset=\"http:\/\/sim-malle.at\/wordpress\/wp-content\/uploads\/2018\/12\/S4Turbo_15_7Zoll_web-130x300.jpg 130w, http:\/\/sim-malle.at\/wordpress\/wp-content\/uploads\/2018\/12\/S4Turbo_15_7Zoll_web-768x1775.jpg 768w, http:\/\/sim-malle.at\/wordpress\/wp-content\/uploads\/2018\/12\/S4Turbo_15_7Zoll_web-443x1024.jpg 443w, http:\/\/sim-malle.at\/wordpress\/wp-content\/uploads\/2018\/12\/S4Turbo_15_7Zoll_web.jpg 886w\" sizes=\"(max-width: 78px) 100vw, 78px\" \/><\/h4>\n<\/td>\n<td style=\"width: 3.90138%; border-style: hidden; height: 75px;\"><\/td>\n<\/tr>\n<tr>\n<td style=\"width: 4.26395%; border-style: hidden;\"><\/td>\n<td style=\"width: 66.483%; border-style: hidden;\"><\/td>\n<td style=\"width: 2.66856%; border-style: hidden;\"><\/td>\n<td style=\"width: 22.6831%; border-style: hidden;\"><\/td>\n<td style=\"width: 3.90138%; border-style: hidden;\"><\/td>\n<\/tr>\n<tr style=\"height: 75px;\">\n<td style=\"width: 4.26395%; height: 75px; border-style: hidden;\"><\/td>\n<td style=\"width: 66.483%; height: 75px; border-style: hidden;\">\n<h2>W\u00e4rmepumpen<\/h2>\n<h4>Die niedrigen Betriebskosten und die Umweltfreundlichkeit macht die W\u00e4rmepumpe sehr beliebt, vor allem im privaten Gebrauch und auf kleinen Grundst\u00fccken. Sie kann nicht nur zur Heizung und Warmwasserbereitung, sondern auch zur K\u00fchlung und in Verbindung mit einer kontrollierten Wohnrauml\u00fcftung verwendet werden. Au\u00dferdem sind W\u00e4rmepumpen sowohl sehr wartungsarm als auch unabh\u00e4ngig von \u00d6l und Gas, was eine langfristige Versorgungssicherheit garantiert.<\/h4>\n<\/td>\n<td style=\"width: 2.66856%; height: 75px; border-style: hidden;\"><\/td>\n<td style=\"width: 22.6831%; height: 75px; border-style: hidden;\">\n<h4><img loading=\"lazy\" class=\"wp-image-326 aligncenter\" src=\"http:\/\/sim-malle.at\/wordpress\/wp-content\/uploads\/2018\/12\/LWD_50A-90A_frontal_mitSchatten-300x214.jpg\" alt=\"\" width=\"252\" height=\"180\" srcset=\"http:\/\/sim-malle.at\/wordpress\/wp-content\/uploads\/2018\/12\/LWD_50A-90A_frontal_mitSchatten-300x214.jpg 300w, http:\/\/sim-malle.at\/wordpress\/wp-content\/uploads\/2018\/12\/LWD_50A-90A_frontal_mitSchatten-768x548.jpg 768w, http:\/\/sim-malle.at\/wordpress\/wp-content\/uploads\/2018\/12\/LWD_50A-90A_frontal_mitSchatten-1024x731.jpg 1024w\" sizes=\"(max-width: 252px) 100vw, 252px\" \/><\/h4>\n<\/td>\n<td style=\"width: 3.90138%; border-style: hidden; height: 75px;\"><\/td>\n<\/tr>\n<tr>\n<td style=\"width: 4.26395%; border-style: hidden;\"><\/td>\n<td style=\"width: 66.483%; border-style: hidden;\"><\/td>\n<td style=\"width: 2.66856%; border-style: hidden;\"><\/td>\n<td style=\"width: 22.6831%; border-style: hidden;\"><\/td>\n<td style=\"width: 3.90138%; border-style: hidden;\"><\/td>\n<\/tr>\n<tr style=\"height: 75px;\">\n<td style=\"width: 4.26395%; height: 75px; border-style: hidden;\"><\/td>\n<td style=\"width: 66.483%; height: 75px; border-style: hidden;\">\n<h2>Solaranlagen<\/h2>\n<h4>Auf Grund der unersch\u00f6pflichen Energie der Sonne ist die Versorgung von Warkmwasser mit einer Solaranlage ein Leben lang gesichert. Noch dazu ist sie gratis und unabh\u00e4ngig von Fremdversorgern. Mit einer Solaranlage allein kann der durchschnittliche \u00f6sterreichische Haushalt 60% seines Warmwasserverbrauches decken. Die Anlagen lassen sich auch an andere Anlagen anschlie\u00dfen, wodurch die Umweltbelastung auf ein Minimum reduziert werden kann.<\/h4>\n<\/td>\n<td style=\"width: 2.66856%; height: 75px; border-style: hidden;\"><\/td>\n<td style=\"width: 22.6831%; height: 75px; border-style: hidden;\">\n<h4><img loading=\"lazy\" class=\"alignnone wp-image-263\" src=\"http:\/\/sim-malle.at\/wordpress\/wp-content\/uploads\/2018\/11\/technology-sunlight-electrical-clean-blue-electricity-1358139-pxhere.com_-300x200.jpg\" alt=\"\" width=\"270\" height=\"180\" srcset=\"http:\/\/sim-malle.at\/wordpress\/wp-content\/uploads\/2018\/11\/technology-sunlight-electrical-clean-blue-electricity-1358139-pxhere.com_-300x200.jpg 300w, http:\/\/sim-malle.at\/wordpress\/wp-content\/uploads\/2018\/11\/technology-sunlight-electrical-clean-blue-electricity-1358139-pxhere.com_.jpg 360w\" sizes=\"(max-width: 270px) 100vw, 270px\" \/><\/h4>\n<\/td>\n<td style=\"width: 3.90138%; border-style: hidden; height: 75px;\"><\/td>\n<\/tr>\n<\/tbody>\n<\/table>\n<h4><\/h4>\n","protected":false},"excerpt":{"rendered":"<p>Von der Beratung \u00fcber die Planung bis hin zur Installation; wir sind stets f\u00fcr Sie bereit, Ihre neue Heizungsanlage in Betrieb zu nehmen. Bei f\u00f6rderungsw\u00fcrdigen Anlagen \u00fcbernehmen wir auch die Abwicklung des F\u00f6rderansuchens. Hackschnitzel Hackschnitzelheizungen nutzen als Brennstoff 100% Holz. Das Heizmaterial setzt sich aus Waldresten, Schwachholz und anderem minderwertigen Holz zusammen, das nicht mehr [&hellip;]<\/p>\n","protected":false},"author":1,"featured_media":0,"parent":0,"menu_order":0,"comment_status":"closed","ping_status":"closed","template":"","meta":[],"_links":{"self":[{"href":"http:\/\/sim-malle.at\/wordpress\/index.php?rest_route=\/wp\/v2\/pages\/9"}],"collection":[{"href":"http:\/\/sim-malle.at\/wordpress\/index.php?rest_route=\/wp\/v2\/pages"}],"about":[{"href":"http:\/\/sim-malle.at\/wordpress\/index.php?rest_route=\/wp\/v2\/types\/page"}],"author":[{"embeddable":true,"href":"http:\/\/sim-malle.at\/wordpress\/index.php?rest_route=\/wp\/v2\/users\/1"}],"replies":[{"embeddable":true,"href":"http:\/\/sim-malle.at\/wordpress\/index.php?rest_route=%2Fwp%2Fv2%2Fcomments&post=9"}],"version-history":[{"count":77,"href":"http:\/\/sim-malle.at\/wordpress\/index.php?rest_route=\/wp\/v2\/pages\/9\/revisions"}],"predecessor-version":[{"id":409,"href":"http:\/\/sim-malle.at\/wordpress\/index.php?rest_route=\/wp\/v2\/pages\/9\/revisions\/409"}],"wp:attachment":[{"href":"http:\/\/sim-malle.at\/wordpress\/index.php?rest_route=%2Fwp%2Fv2%2Fmedia&parent=9"}],"curies":[{"name":"wp","href":"https:\/\/api.w.org\/{rel}","templated":true}]}}